{"id":3824,"date":"2025-05-04T22:53:13","date_gmt":"2025-05-04T20:53:13","guid":{"rendered":"https:\/\/maxpro.matica.dev\/product\/profi-foam\/"},"modified":"2025-08-24T17:34:59","modified_gmt":"2025-08-24T15:34:59","slug":"profi-foam","status":"publish","type":"product","link":"https:\/\/www.maxpro.be\/fr\/produit\/profi-foam\/","title":{"rendered":"MaxPro 55 Profi-Foam"},"content":{"rendered":"<p>La r\u00e9f\u00e9rence en nettoyage de vitres. Neutre et puissant. Pour un nettoyage rapide sans traces ni r\u00e9sidus.  <\/p>\n","protected":false},"excerpt":{"rendered":"<p>La r\u00e9f\u00e9rence en nettoyage de vitres. Neutre et puissant. Pour un nettoyage rapide sans &#8230;<\/p>\n","protected":false},"featured_media":2681,"template":"","meta":{"_acf_changed":false,"content-type":""},"product_brand":[57],"product_cat":[303,236],"product_tag":[],"class_list":{"0":"post-3824","1":"product","2":"type-product","3":"status-publish","4":"has-post-thumbnail","6":"product_brand-maxpro","7":"product_cat-degraisser-et-preparer","8":"product_cat-nettoyer-finir-et-lubrifier","9":"has_thumb","11":"first","12":"instock","13":"taxable","14":"shipping-taxable","15":"product-type-simple"},"acf":[],"_links":{"self":[{"href":"https:\/\/www.maxpro.be\/fr\/wp-json\/wp\/v2\/product\/3824","targetHints":{"allow":["GET"]}}],"collection":[{"href":"https:\/\/www.maxpro.be\/fr\/wp-json\/wp\/v2\/product"}],"about":[{"href":"https:\/\/www.maxpro.be\/fr\/wp-json\/wp\/v2\/types\/product"}],"wp:featuredmedia":[{"embeddable":true,"href":"https:\/\/www.maxpro.be\/fr\/wp-json\/wp\/v2\/media\/2681"}],"wp:attachment":[{"href":"https:\/\/www.maxpro.be\/fr\/wp-json\/wp\/v2\/media?parent=3824"}],"wp:term":[{"taxonomy":"product_brand","embeddable":true,"href":"https:\/\/www.maxpro.be\/fr\/wp-json\/wp\/v2\/product_brand?post=3824"},{"taxonomy":"product_cat","embeddable":true,"href":"https:\/\/www.maxpro.be\/fr\/wp-json\/wp\/v2\/product_cat?post=3824"},{"taxonomy":"product_tag","embeddable":true,"href":"https:\/\/www.maxpro.be\/fr\/wp-json\/wp\/v2\/product_tag?post=3824"}],"curies":[{"name":"wp","href":"https:\/\/api.w.org\/{rel}","templated":true}]}}