{"id":3957,"date":"2025-05-04T22:43:37","date_gmt":"2025-05-04T20:43:37","guid":{"rendered":"https:\/\/maxpro.matica.dev\/product\/wood-tack-bio\/"},"modified":"2025-08-24T17:09:17","modified_gmt":"2025-08-24T15:09:17","slug":"wood-tack-bio","status":"publish","type":"product","link":"https:\/\/www.maxpro.be\/fr\/produit\/wood-tack-bio\/","title":{"rendered":"MaxPro 83 Wood-Tack Bio"},"content":{"rendered":"<p>Colle de contact biod\u00e9gradable, rapide et r\u00e9sistant \u00e0 l\u2019eau. Pour un collage permanent de panneaux, rev\u00eatements, HPL, placage, &#8230;  <\/p>\n","protected":false},"excerpt":{"rendered":"<p>Colle de contact biod\u00e9gradable, rapide et r\u00e9sistant \u00e0 l\u2019eau. Pour un collage permanent de &#8230;<\/p>\n","protected":false},"featured_media":4383,"template":"","meta":{"_acf_changed":false,"content-type":""},"product_brand":[57],"product_cat":[293,284],"product_tag":[],"class_list":{"0":"post-3957","1":"product","2":"type-product","3":"status-publish","4":"has-post-thumbnail","6":"product_brand-maxpro","7":"product_cat-colles-fr","8":"product_cat-colles-de-contact-colles","9":"has_thumb","11":"first","12":"instock","13":"taxable","14":"shipping-taxable","15":"product-type-simple"},"acf":[],"_links":{"self":[{"href":"https:\/\/www.maxpro.be\/fr\/wp-json\/wp\/v2\/product\/3957","targetHints":{"allow":["GET"]}}],"collection":[{"href":"https:\/\/www.maxpro.be\/fr\/wp-json\/wp\/v2\/product"}],"about":[{"href":"https:\/\/www.maxpro.be\/fr\/wp-json\/wp\/v2\/types\/product"}],"wp:featuredmedia":[{"embeddable":true,"href":"https:\/\/www.maxpro.be\/fr\/wp-json\/wp\/v2\/media\/4383"}],"wp:attachment":[{"href":"https:\/\/www.maxpro.be\/fr\/wp-json\/wp\/v2\/media?parent=3957"}],"wp:term":[{"taxonomy":"product_brand","embeddable":true,"href":"https:\/\/www.maxpro.be\/fr\/wp-json\/wp\/v2\/product_brand?post=3957"},{"taxonomy":"product_cat","embeddable":true,"href":"https:\/\/www.maxpro.be\/fr\/wp-json\/wp\/v2\/product_cat?post=3957"},{"taxonomy":"product_tag","embeddable":true,"href":"https:\/\/www.maxpro.be\/fr\/wp-json\/wp\/v2\/product_tag?post=3957"}],"curies":[{"name":"wp","href":"https:\/\/api.w.org\/{rel}","templated":true}]}}