{"id":4107,"date":"2025-05-04T22:44:55","date_gmt":"2025-05-04T20:44:55","guid":{"rendered":"https:\/\/maxpro.matica.dev\/product\/metal-stone-ht\/"},"modified":"2025-08-22T16:25:52","modified_gmt":"2025-08-22T14:25:52","slug":"metal-stone-ht","status":"publish","type":"product","link":"https:\/\/www.maxpro.be\/fr\/produit\/metal-stone-ht\/","title":{"rendered":"MaxPro 92 Metal-Stone HT"},"content":{"rendered":"<p>Colle bi-composante pour le collage des pierres de fa\u00e7ade les plus difficiles sur supports de fa\u00e7ade ou pour le collage de m\u00e9taux. Test\u00e9e par Flanders Make.<\/p>\n","protected":false},"excerpt":{"rendered":"<p>Colle bi-composante pour le collage des pierres de fa\u00e7ade les plus difficiles sur supports &#8230;<\/p>\n","protected":false},"featured_media":4979,"template":"","meta":{"_acf_changed":false,"content-type":""},"product_brand":[],"product_cat":[293,327],"product_tag":[],"class_list":{"0":"post-4107","1":"product","2":"type-product","3":"status-publish","4":"has-post-thumbnail","6":"product_cat-colles-fr","7":"product_cat-colles-a-deux-composants","8":"has_thumb","10":"first","11":"instock","12":"featured","13":"taxable","14":"shipping-taxable","15":"product-type-simple"},"acf":[],"_links":{"self":[{"href":"https:\/\/www.maxpro.be\/fr\/wp-json\/wp\/v2\/product\/4107","targetHints":{"allow":["GET"]}}],"collection":[{"href":"https:\/\/www.maxpro.be\/fr\/wp-json\/wp\/v2\/product"}],"about":[{"href":"https:\/\/www.maxpro.be\/fr\/wp-json\/wp\/v2\/types\/product"}],"wp:featuredmedia":[{"embeddable":true,"href":"https:\/\/www.maxpro.be\/fr\/wp-json\/wp\/v2\/media\/4979"}],"wp:attachment":[{"href":"https:\/\/www.maxpro.be\/fr\/wp-json\/wp\/v2\/media?parent=4107"}],"wp:term":[{"taxonomy":"product_brand","embeddable":true,"href":"https:\/\/www.maxpro.be\/fr\/wp-json\/wp\/v2\/product_brand?post=4107"},{"taxonomy":"product_cat","embeddable":true,"href":"https:\/\/www.maxpro.be\/fr\/wp-json\/wp\/v2\/product_cat?post=4107"},{"taxonomy":"product_tag","embeddable":true,"href":"https:\/\/www.maxpro.be\/fr\/wp-json\/wp\/v2\/product_tag?post=4107"}],"curies":[{"name":"wp","href":"https:\/\/api.w.org\/{rel}","templated":true}]}}