{"id":4113,"date":"2025-05-04T22:47:48","date_gmt":"2025-05-04T20:47:48","guid":{"rendered":"https:\/\/maxpro.matica.dev\/product\/alu-shield-wd\/"},"modified":"2025-08-26T16:39:20","modified_gmt":"2025-08-26T14:39:20","slug":"alu-shield-wd","status":"publish","type":"product","link":"https:\/\/www.maxpro.be\/fr\/produit\/alu-shield-wd\/","title":{"rendered":"MaxPro 844 Alu-Shield WD"},"content":{"rendered":"<p>Pare-vapeur solide, souple et auto-adh\u00e9sif \u00e0 froid. Pontage des fissures, r\u00e9sistant aux UV et facile \u00e0 poser pour des \u00e9tanch\u00e9it\u00e9s durables en construction. Parfaitement compatible avec MaxPro 84 Tack-Primer BT.<\/p>\n","protected":false},"excerpt":{"rendered":"<p>Pare-vapeur solide, souple et auto-adh\u00e9sif \u00e0 froid. Pontage des fissures, r\u00e9sistant aux UV et &#8230;<\/p>\n","protected":false},"featured_media":4385,"template":"","meta":{"_acf_changed":false,"content-type":""},"product_brand":[57],"product_cat":[299,302],"product_tag":[],"class_list":{"0":"post-4113","1":"product","2":"type-product","3":"status-publish","4":"has-post-thumbnail","6":"product_brand-maxpro","7":"product_cat-membranes-et-revetements-detancheite","8":"product_cat-pare-vapeur-auto-adhesif","9":"has_thumb","11":"first","12":"instock","13":"taxable","14":"shipping-taxable","15":"product-type-variable"},"acf":[],"_links":{"self":[{"href":"https:\/\/www.maxpro.be\/fr\/wp-json\/wp\/v2\/product\/4113","targetHints":{"allow":["GET"]}}],"collection":[{"href":"https:\/\/www.maxpro.be\/fr\/wp-json\/wp\/v2\/product"}],"about":[{"href":"https:\/\/www.maxpro.be\/fr\/wp-json\/wp\/v2\/types\/product"}],"wp:featuredmedia":[{"embeddable":true,"href":"https:\/\/www.maxpro.be\/fr\/wp-json\/wp\/v2\/media\/4385"}],"wp:attachment":[{"href":"https:\/\/www.maxpro.be\/fr\/wp-json\/wp\/v2\/media?parent=4113"}],"wp:term":[{"taxonomy":"product_brand","embeddable":true,"href":"https:\/\/www.maxpro.be\/fr\/wp-json\/wp\/v2\/product_brand?post=4113"},{"taxonomy":"product_cat","embeddable":true,"href":"https:\/\/www.maxpro.be\/fr\/wp-json\/wp\/v2\/product_cat?post=4113"},{"taxonomy":"product_tag","embeddable":true,"href":"https:\/\/www.maxpro.be\/fr\/wp-json\/wp\/v2\/product_tag?post=4113"}],"curies":[{"name":"wp","href":"https:\/\/api.w.org\/{rel}","templated":true}]}}