{"id":4131,"date":"2025-05-04T22:47:48","date_gmt":"2025-05-04T20:47:48","guid":{"rendered":"https:\/\/maxpro.matica.dev\/product\/aqua-coat-2k\/"},"modified":"2025-08-26T20:29:01","modified_gmt":"2025-08-26T18:29:01","slug":"aqua-coat-2k","status":"publish","type":"product","link":"https:\/\/www.maxpro.be\/fr\/produit\/aqua-coat-2k\/","title":{"rendered":"MaxPro 862 Aqua-Coat 2K"},"content":{"rendered":"<p>MaxPro 862 Aqua-Coat 2K est un imperm\u00e9abilisant solide, flexible, rapide et facile \u00e0 utiliser, \u00e9talable \u00e0 froid et pontant les fissures, bas\u00e9 sur un rev\u00eatement imperm\u00e9able 2K modifi\u00e9 par des polym\u00e8res.  <\/p>\n","protected":false},"excerpt":{"rendered":"<p>MaxPro 862 Aqua-Coat 2K est un imperm\u00e9abilisant solide, flexible, rapide et facile \u00e0 utiliser, &#8230;<\/p>\n","protected":false},"featured_media":4893,"template":"","meta":{"_acf_changed":false,"content-type":""},"product_brand":[57],"product_cat":[301,299],"product_tag":[],"class_list":{"0":"post-4131","1":"product","2":"type-product","3":"status-publish","4":"has-post-thumbnail","6":"product_brand-maxpro","7":"product_cat-revetement-impermeable","8":"product_cat-membranes-et-revetements-detancheite","9":"has_thumb","11":"first","12":"instock","13":"featured","14":"taxable","15":"shipping-taxable","16":"product-type-variable"},"acf":[],"_links":{"self":[{"href":"https:\/\/www.maxpro.be\/fr\/wp-json\/wp\/v2\/product\/4131","targetHints":{"allow":["GET"]}}],"collection":[{"href":"https:\/\/www.maxpro.be\/fr\/wp-json\/wp\/v2\/product"}],"about":[{"href":"https:\/\/www.maxpro.be\/fr\/wp-json\/wp\/v2\/types\/product"}],"wp:featuredmedia":[{"embeddable":true,"href":"https:\/\/www.maxpro.be\/fr\/wp-json\/wp\/v2\/media\/4893"}],"wp:attachment":[{"href":"https:\/\/www.maxpro.be\/fr\/wp-json\/wp\/v2\/media?parent=4131"}],"wp:term":[{"taxonomy":"product_brand","embeddable":true,"href":"https:\/\/www.maxpro.be\/fr\/wp-json\/wp\/v2\/product_brand?post=4131"},{"taxonomy":"product_cat","embeddable":true,"href":"https:\/\/www.maxpro.be\/fr\/wp-json\/wp\/v2\/product_cat?post=4131"},{"taxonomy":"product_tag","embeddable":true,"href":"https:\/\/www.maxpro.be\/fr\/wp-json\/wp\/v2\/product_tag?post=4131"}],"curies":[{"name":"wp","href":"https:\/\/api.w.org\/{rel}","templated":true}]}}